{"id":178,"date":"2021-03-15T14:25:03","date_gmt":"2021-03-15T13:25:03","guid":{"rendered":"http:\/\/gorkakoscielnicka.pl\/?page_id=178"},"modified":"2025-07-19T05:28:41","modified_gmt":"2025-07-19T03:28:41","slug":"kontakt","status":"publish","type":"page","link":"https:\/\/gorkakoscielnicka.pl\/?page_id=178","title":{"rendered":"Kontakt"},"content":{"rendered":"\n<p>Parafia pw. Wszystkich \u015awi\u0119tych Krak\u00f3w &#8211; G\u00f3rka Ko\u015bcielnicka<\/p>\n\n\n\n<p>Ul. Dybowskiego 2B                                                                                   <br>31- 988 Krak\u00f3w<br>Tel. +48 12 645 05 85<br>Kom. +48 602 69 69 31<br>Mail: <a href=\"mailto:spali2@op.pl\">spali2@op.pl<\/a><\/p>\n\n\n\n<figure class=\"wp-block-image size-full\"><img loading=\"lazy\" decoding=\"async\" width=\"970\" height=\"674\" src=\"https:\/\/gorkakoscielnicka.pl\/wp-content\/uploads\/2023\/04\/kancelaria_09.04.23.jpg\" alt=\"\" class=\"wp-image-2939\" srcset=\"https:\/\/gorkakoscielnicka.pl\/wp-content\/uploads\/2023\/04\/kancelaria_09.04.23.jpg 970w, https:\/\/gorkakoscielnicka.pl\/wp-content\/uploads\/2023\/04\/kancelaria_09.04.23-300x208.jpg 300w, https:\/\/gorkakoscielnicka.pl\/wp-content\/uploads\/2023\/04\/kancelaria_09.04.23-768x534.jpg 768w, https:\/\/gorkakoscielnicka.pl\/wp-content\/uploads\/2023\/04\/kancelaria_09.04.23-600x417.jpg 600w\" sizes=\"auto, (max-width: 970px) 100vw, 970px\" \/><\/figure>\n\n\n<p><iframe src=\"https:\/\/www.google.com\/maps\/embed?pb=!1m18!1m12!1m3!1d8364.189929968104!2d20.180144208524936!3d50.09463549353691!2m3!1f0!2f0!3f0!3m2!1i1024!2i768!4f13.1!3m3!1m2!1s0x471648949de68e3f%3A0xc8bae4696bf19199!2sParafia%20G%C3%B3rka%20Ko%C5%9Bcielnicka!5e0!3m2!1spl!2spl!4v1616091898813!5m2!1spl!2spl\" width=\"800\" height=\"600\" style=\"border:0;\" allowfullscreen=\"\" loading=\"lazy\"><\/iframe><\/p>\n\n\n\n<p><\/p>\n","protected":false},"excerpt":{"rendered":"<p>Parafia pw. Wszystkich \u015awi\u0119tych Krak\u00f3w &#8211; G\u00f3rka Ko\u015bcielnicka Ul. Dybowskiego 2B 31- 988 Krak\u00f3wTel. +48 12 645 05 85Kom. +48 602 69 69 31Mail: spali2@op.pl<\/p>\n","protected":false},"author":1,"featured_media":139,"parent":0,"menu_order":0,"comment_status":"closed","ping_status":"closed","template":"","meta":{"om_disable_all_campaigns":false,"_uag_custom_page_level_css":"","ngg_post_thumbnail":0,"footnotes":""},"class_list":["post-178","page","type-page","status-publish","has-post-thumbnail","hentry"],"guten_post_layout_featured_media_urls":{"full":["https:\/\/gorkakoscielnicka.pl\/wp-content\/uploads\/2021\/03\/cropped-IMG_20200426_062154-scaled-1.jpg",1920,1397,false],"thumbnail":["https:\/\/gorkakoscielnicka.pl\/wp-content\/uploads\/2021\/03\/cropped-IMG_20200426_062154-scaled-1-150x150.jpg",150,150,true],"medium":["https:\/\/gorkakoscielnicka.pl\/wp-content\/uploads\/2021\/03\/cropped-IMG_20200426_062154-scaled-1-300x218.jpg",300,218,true],"medium_large":["https:\/\/gorkakoscielnicka.pl\/wp-content\/uploads\/2021\/03\/cropped-IMG_20200426_062154-scaled-1-768x559.jpg",525,382,true],"large":["https:\/\/gorkakoscielnicka.pl\/wp-content\/uploads\/2021\/03\/cropped-IMG_20200426_062154-scaled-1-1024x745.jpg",525,382,true],"1536x1536":["https:\/\/gorkakoscielnicka.pl\/wp-content\/uploads\/2021\/03\/cropped-IMG_20200426_062154-scaled-1-1536x1118.jpg",1536,1118,true],"2048x2048":["https:\/\/gorkakoscielnicka.pl\/wp-content\/uploads\/2021\/03\/cropped-IMG_20200426_062154-scaled-1.jpg",1920,1397,false],"guten_post_layout_landscape_large":["https:\/\/gorkakoscielnicka.pl\/wp-content\/uploads\/2021\/03\/cropped-IMG_20200426_062154-scaled-1.jpg",1099,800,false],"guten_post_layout_portrait_large":["https:\/\/gorkakoscielnicka.pl\/wp-content\/uploads\/2021\/03\/cropped-IMG_20200426_062154-scaled-1.jpg",1200,873,false],"guten_post_layout_square_large":["https:\/\/gorkakoscielnicka.pl\/wp-content\/uploads\/2021\/03\/cropped-IMG_20200426_062154-scaled-1.jpg",1200,873,false],"guten_post_layout_landscape":["https:\/\/gorkakoscielnicka.pl\/wp-content\/uploads\/2021\/03\/cropped-IMG_20200426_062154-scaled-1.jpg",550,400,false],"guten_post_layout_portrait":["https:\/\/gorkakoscielnicka.pl\/wp-content\/uploads\/2021\/03\/cropped-IMG_20200426_062154-scaled-1.jpg",600,437,false],"guten_post_layout_square":["https:\/\/gorkakoscielnicka.pl\/wp-content\/uploads\/2021\/03\/cropped-IMG_20200426_062154-scaled-1.jpg",600,437,false],"events-homepage-thumb":["https:\/\/gorkakoscielnicka.pl\/wp-content\/uploads\/2021\/03\/cropped-IMG_20200426_062154-scaled-1-640x480.jpg",640,480,true],"woocommerce_thumbnail":["https:\/\/gorkakoscielnicka.pl\/wp-content\/uploads\/2021\/03\/cropped-IMG_20200426_062154-scaled-1-300x300.jpg",300,300,true],"woocommerce_single":["https:\/\/gorkakoscielnicka.pl\/wp-content\/uploads\/2021\/03\/cropped-IMG_20200426_062154-scaled-1-600x437.jpg",600,437,true],"woocommerce_gallery_thumbnail":["https:\/\/gorkakoscielnicka.pl\/wp-content\/uploads\/2021\/03\/cropped-IMG_20200426_062154-scaled-1-100x100.jpg",100,100,true],"shop_catalog":["https:\/\/gorkakoscielnicka.pl\/wp-content\/uploads\/2021\/03\/cropped-IMG_20200426_062154-scaled-1-300x300.jpg",300,300,true],"shop_single":["https:\/\/gorkakoscielnicka.pl\/wp-content\/uploads\/2021\/03\/cropped-IMG_20200426_062154-scaled-1.jpg",600,437,false],"shop_thumbnail":["https:\/\/gorkakoscielnicka.pl\/wp-content\/uploads\/2021\/03\/cropped-IMG_20200426_062154-scaled-1-100x100.jpg",100,100,true]},"uagb_featured_image_src":{"full":["https:\/\/gorkakoscielnicka.pl\/wp-content\/uploads\/2021\/03\/cropped-IMG_20200426_062154-scaled-1.jpg",1920,1397,false],"thumbnail":["https:\/\/gorkakoscielnicka.pl\/wp-content\/uploads\/2021\/03\/cropped-IMG_20200426_062154-scaled-1-150x150.jpg",150,150,true],"medium":["https:\/\/gorkakoscielnicka.pl\/wp-content\/uploads\/2021\/03\/cropped-IMG_20200426_062154-scaled-1-300x218.jpg",300,218,true],"medium_large":["https:\/\/gorkakoscielnicka.pl\/wp-content\/uploads\/2021\/03\/cropped-IMG_20200426_062154-scaled-1-768x559.jpg",525,382,true],"large":["https:\/\/gorkakoscielnicka.pl\/wp-content\/uploads\/2021\/03\/cropped-IMG_20200426_062154-scaled-1-1024x745.jpg",525,382,true],"1536x1536":["https:\/\/gorkakoscielnicka.pl\/wp-content\/uploads\/2021\/03\/cropped-IMG_20200426_062154-scaled-1-1536x1118.jpg",1536,1118,true],"2048x2048":["https:\/\/gorkakoscielnicka.pl\/wp-content\/uploads\/2021\/03\/cropped-IMG_20200426_062154-scaled-1.jpg",1920,1397,false],"guten_post_layout_landscape_large":["https:\/\/gorkakoscielnicka.pl\/wp-content\/uploads\/2021\/03\/cropped-IMG_20200426_062154-scaled-1.jpg",1099,800,false],"guten_post_layout_portrait_large":["https:\/\/gorkakoscielnicka.pl\/wp-content\/uploads\/2021\/03\/cropped-IMG_20200426_062154-scaled-1.jpg",1200,873,false],"guten_post_layout_square_large":["https:\/\/gorkakoscielnicka.pl\/wp-content\/uploads\/2021\/03\/cropped-IMG_20200426_062154-scaled-1.jpg",1200,873,false],"guten_post_layout_landscape":["https:\/\/gorkakoscielnicka.pl\/wp-content\/uploads\/2021\/03\/cropped-IMG_20200426_062154-scaled-1.jpg",550,400,false],"guten_post_layout_portrait":["https:\/\/gorkakoscielnicka.pl\/wp-content\/uploads\/2021\/03\/cropped-IMG_20200426_062154-scaled-1.jpg",600,437,false],"guten_post_layout_square":["https:\/\/gorkakoscielnicka.pl\/wp-content\/uploads\/2021\/03\/cropped-IMG_20200426_062154-scaled-1.jpg",600,437,false],"events-homepage-thumb":["https:\/\/gorkakoscielnicka.pl\/wp-content\/uploads\/2021\/03\/cropped-IMG_20200426_062154-scaled-1-640x480.jpg",640,480,true],"woocommerce_thumbnail":["https:\/\/gorkakoscielnicka.pl\/wp-content\/uploads\/2021\/03\/cropped-IMG_20200426_062154-scaled-1-300x300.jpg",300,300,true],"woocommerce_single":["https:\/\/gorkakoscielnicka.pl\/wp-content\/uploads\/2021\/03\/cropped-IMG_20200426_062154-scaled-1-600x437.jpg",600,437,true],"woocommerce_gallery_thumbnail":["https:\/\/gorkakoscielnicka.pl\/wp-content\/uploads\/2021\/03\/cropped-IMG_20200426_062154-scaled-1-100x100.jpg",100,100,true],"shop_catalog":["https:\/\/gorkakoscielnicka.pl\/wp-content\/uploads\/2021\/03\/cropped-IMG_20200426_062154-scaled-1-300x300.jpg",300,300,true],"shop_single":["https:\/\/gorkakoscielnicka.pl\/wp-content\/uploads\/2021\/03\/cropped-IMG_20200426_062154-scaled-1.jpg",600,437,false],"shop_thumbnail":["https:\/\/gorkakoscielnicka.pl\/wp-content\/uploads\/2021\/03\/cropped-IMG_20200426_062154-scaled-1-100x100.jpg",100,100,true]},"uagb_author_info":{"display_name":"admin9110","author_link":"https:\/\/gorkakoscielnicka.pl\/?author=1"},"uagb_comment_info":0,"uagb_excerpt":"Parafia pw. Wszystkich \u015awi\u0119tych Krak\u00f3w &#8211; G\u00f3rka Ko\u015bcielnicka Ul. Dybowskiego 2B 31- 988 Krak\u00f3wTel. +48 12 645 05 85Kom. +48 602 69 69 31Mail: spali2@op.pl","jetpack_sharing_enabled":true,"_links":{"self":[{"href":"https:\/\/gorkakoscielnicka.pl\/index.php?rest_route=\/wp\/v2\/pages\/178","targetHints":{"allow":["GET"]}}],"collection":[{"href":"https:\/\/gorkakoscielnicka.pl\/index.php?rest_route=\/wp\/v2\/pages"}],"about":[{"href":"https:\/\/gorkakoscielnicka.pl\/index.php?rest_route=\/wp\/v2\/types\/page"}],"author":[{"embeddable":true,"href":"https:\/\/gorkakoscielnicka.pl\/index.php?rest_route=\/wp\/v2\/users\/1"}],"replies":[{"embeddable":true,"href":"https:\/\/gorkakoscielnicka.pl\/index.php?rest_route=%2Fwp%2Fv2%2Fcomments&post=178"}],"version-history":[{"count":15,"href":"https:\/\/gorkakoscielnicka.pl\/index.php?rest_route=\/wp\/v2\/pages\/178\/revisions"}],"predecessor-version":[{"id":2940,"href":"https:\/\/gorkakoscielnicka.pl\/index.php?rest_route=\/wp\/v2\/pages\/178\/revisions\/2940"}],"wp:featuredmedia":[{"embeddable":true,"href":"https:\/\/gorkakoscielnicka.pl\/index.php?rest_route=\/wp\/v2\/media\/139"}],"wp:attachment":[{"href":"https:\/\/gorkakoscielnicka.pl\/index.php?rest_route=%2Fwp%2Fv2%2Fmedia&parent=178"}],"curies":[{"name":"wp","href":"https:\/\/api.w.org\/{rel}","templated":true}]}}